{"id":2,"date":"2015-01-05T11:38:17","date_gmt":"2015-01-05T11:38:17","guid":{"rendered":"http:\/\/www.psychotherapie-osnabrueck.eu\/?page_id=2"},"modified":"2025-03-31T08:18:55","modified_gmt":"2025-03-31T08:18:55","slug":"beispiel-seite","status":"publish","type":"page","link":"https:\/\/psychotherapie-kittel.de\/","title":{"rendered":"Startseite"},"content":{"rendered":"<p class=\"western\"><strong>Herzlich Willkommen auf der Homepage meiner Praxis f\u00fcr Psychotherapie.<\/strong><\/p>\n<p>Viele Menschen erfahren w\u00e4hrend ihres Lebens schwierige Lebenssituationen, in denen sie sich \u00fcberfordert f\u00fchlen und das Gef\u00fchl haben, alleine nicht mehr weiter zu kommen.<\/p>\n<p>Im Rahmen einer <i><span style=\"text-decoration: underline;\"><a href=\"https:\/\/www.psychotherapie-osnabrueck.eu\/?page_id=29\">Psychotherapie<\/a><\/span><\/i> ist es mein Ziel mit Ihnen gemeinsam konkrete und lebensnahe L\u00f6sungen zu entwickeln und diese erfolgreich in ihren Alltag zu integrieren. Die Grundlage meiner Arbeit als approbierte psychologische Psychotherapeutin ist die Verhaltenstherapie, deren Wirksamkeit in vielen Studien belegt wurde. Mir ist es ein Anliegen neue wissenschaftlich anerkannte Verfahren (z.B. <i><span style=\"text-decoration: underline;\"><a href=\"https:\/\/www.psychotherapie-osnabrueck.eu\/?page_id=31\">MBSR <\/a><\/span><\/i>etc) zu integrieren. Dabei ist f\u00fcr mich ein individuelles und transparentes Vorgehen selbstverst\u00e4ndlich. Auf diese Weise sind Sie aktiv an der Gestaltung des Therapieprozesses und der Erreichung Ihrer Ziele beteiligt.<\/p>\n<p>Eine vertrauensvolle und wertsch\u00e4tzende Atmosph\u00e4re liegt mir als Basis meiner Arbeit besonders am Herzen. Sie schafft die Vorraussetzung f\u00fcr die (Wieder-) Entdeckung eigener Ressourcen, pers\u00f6nlicher Weiterentwicklung und Wachstum auf Ihrem Weg zu mehr Lebensqualit\u00e4t.<\/p>\n","protected":false},"excerpt":{"rendered":"<p>Herzlich Willkommen auf der Homepage meiner Praxis f\u00fcr Psychotherapie. Viele Menschen erfahren w\u00e4hrend ihres Lebens schwierige Lebenssituationen, in denen sie sich \u00fcberfordert f\u00fchlen und das Gef\u00fchl haben, alleine nicht mehr weiter zu kommen. Im Rahmen einer Psychotherapie ist es mein Ziel mit Ihnen gemeinsam konkrete und lebensnahe L\u00f6sungen zu entwickeln und diese erfolgreich in ihren [&hellip;]<\/p>\n","protected":false},"author":1,"featured_media":0,"parent":0,"menu_order":0,"comment_status":"closed","ping_status":"closed","template":"","meta":{"footnotes":""},"class_list":["post-2","page","type-page","status-publish","hentry"],"_links":{"self":[{"href":"https:\/\/psychotherapie-kittel.de\/index.php?rest_route=\/wp\/v2\/pages\/2","targetHints":{"allow":["GET"]}}],"collection":[{"href":"https:\/\/psychotherapie-kittel.de\/index.php?rest_route=\/wp\/v2\/pages"}],"about":[{"href":"https:\/\/psychotherapie-kittel.de\/index.php?rest_route=\/wp\/v2\/types\/page"}],"author":[{"embeddable":true,"href":"https:\/\/psychotherapie-kittel.de\/index.php?rest_route=\/wp\/v2\/users\/1"}],"replies":[{"embeddable":true,"href":"https:\/\/psychotherapie-kittel.de\/index.php?rest_route=%2Fwp%2Fv2%2Fcomments&post=2"}],"version-history":[{"count":14,"href":"https:\/\/psychotherapie-kittel.de\/index.php?rest_route=\/wp\/v2\/pages\/2\/revisions"}],"predecessor-version":[{"id":187,"href":"https:\/\/psychotherapie-kittel.de\/index.php?rest_route=\/wp\/v2\/pages\/2\/revisions\/187"}],"wp:attachment":[{"href":"https:\/\/psychotherapie-kittel.de\/index.php?rest_route=%2Fwp%2Fv2%2Fmedia&parent=2"}],"curies":[{"name":"wp","href":"https:\/\/api.w.org\/{rel}","templated":true}]}}