{"id":44,"date":"2015-03-16T16:44:29","date_gmt":"2015-03-16T16:44:29","guid":{"rendered":"http:\/\/www.psychotherapie-osnabrueck.eu\/?page_id=44"},"modified":"2025-03-31T08:16:39","modified_gmt":"2025-03-31T08:16:39","slug":"behandlungsschwerpunkte-3","status":"publish","type":"page","link":"https:\/\/psychotherapie-kittel.de\/?page_id=44","title":{"rendered":"Behandlungsschwerpunkte"},"content":{"rendered":"<p>Ich behandle vorwiegend folgende Beschwerdebilder in meiner Psychotherapiepraxis:<\/p>\n<ul style=\"list-style-type: disc;\">\n<li>Burn-out<\/li>\n<li>Depressionen<\/li>\n<li>\u00c4ngste (Panikattacken, Phobien)<\/li>\n<li>Soziale \u00c4ngste und Unsicherheiten<\/li>\n<li>Selbstwertprobleme, Selbstunsicherheit<\/li>\n<li>Akute Krisen im beruflichen oder privaten Bereich<\/li>\n<li>Reaktionen auf schwere Belastungen<\/li>\n<li>Zwangserkrankungen<\/li>\n<li>\u00c4ngstlich-vermeidende Pers\u00f6nlichkeitsst\u00f6rung<\/li>\n<\/ul>\n","protected":false},"excerpt":{"rendered":"<p>Ich behandle vorwiegend folgende Beschwerdebilder in meiner Psychotherapiepraxis: Burn-out Depressionen \u00c4ngste (Panikattacken, Phobien) Soziale \u00c4ngste und Unsicherheiten Selbstwertprobleme, Selbstunsicherheit Akute Krisen im beruflichen oder privaten Bereich Reaktionen auf schwere Belastungen Zwangserkrankungen \u00c4ngstlich-vermeidende Pers\u00f6nlichkeitsst\u00f6rung<\/p>\n","protected":false},"author":1,"featured_media":0,"parent":29,"menu_order":0,"comment_status":"closed","ping_status":"closed","template":"","meta":{"footnotes":""},"class_list":["post-44","page","type-page","status-publish","hentry"],"_links":{"self":[{"href":"https:\/\/psychotherapie-kittel.de\/index.php?rest_route=\/wp\/v2\/pages\/44","targetHints":{"allow":["GET"]}}],"collection":[{"href":"https:\/\/psychotherapie-kittel.de\/index.php?rest_route=\/wp\/v2\/pages"}],"about":[{"href":"https:\/\/psychotherapie-kittel.de\/index.php?rest_route=\/wp\/v2\/types\/page"}],"author":[{"embeddable":true,"href":"https:\/\/psychotherapie-kittel.de\/index.php?rest_route=\/wp\/v2\/users\/1"}],"replies":[{"embeddable":true,"href":"https:\/\/psychotherapie-kittel.de\/index.php?rest_route=%2Fwp%2Fv2%2Fcomments&post=44"}],"version-history":[{"count":8,"href":"https:\/\/psychotherapie-kittel.de\/index.php?rest_route=\/wp\/v2\/pages\/44\/revisions"}],"predecessor-version":[{"id":186,"href":"https:\/\/psychotherapie-kittel.de\/index.php?rest_route=\/wp\/v2\/pages\/44\/revisions\/186"}],"up":[{"embeddable":true,"href":"https:\/\/psychotherapie-kittel.de\/index.php?rest_route=\/wp\/v2\/pages\/29"}],"wp:attachment":[{"href":"https:\/\/psychotherapie-kittel.de\/index.php?rest_route=%2Fwp%2Fv2%2Fmedia&parent=44"}],"curies":[{"name":"wp","href":"https:\/\/api.w.org\/{rel}","templated":true}]}}