{"id":53,"date":"2015-03-16T16:57:40","date_gmt":"2015-03-16T16:57:40","guid":{"rendered":"http:\/\/www.psychotherapie-osnabrueck.eu\/?page_id=53"},"modified":"2024-11-19T09:55:52","modified_gmt":"2024-11-19T09:55:52","slug":"ablauf","status":"publish","type":"page","link":"https:\/\/psychotherapie-kittel.de\/?page_id=53","title":{"rendered":"Ablauf"},"content":{"rendered":"<p>Nachdem Sie mit mir <a title=\"Kontakt\" href=\"https:\/\/www.psychotherapie-osnabrueck.eu\/?page_id=55\"><strong><em>Kontakt<\/em><\/strong> <\/a>aufgenommen haben, vereinbaren wir zeitnah einen Termin im Rahmen der psychotherapeutischen Sprechstunde. In diesem k\u00f6nnen Sie mir Ihr Anliegen schildern und genaueres \u00fcber meine Vorgehensweise erfahren.<\/p>\n<p>Danach finden bis zu zwei weitere psychotherapeutische Sprechstunden und bis zu vier <strong>probatorische Sitzungen<\/strong> statt, die der Diagnostik, der gemeinsamen Festlegung der Therapieziele und der Erstellung eines individuellen Therapieplans dienen. W\u00e4hrend dieser Zeit haben wir die M\u00f6glichkeit uns kennenzulernen und gemeinsam die Entscheidung \u00fcber eine weitere Psychotherapie zu treffen.<\/p>\n<p>Eine Therapiesitzung dauert 50 Minuten. In der Regel finden die Sitzungen einmal w\u00f6chentlich statt. Die Abst\u00e4nde, sowie die Anzahl der Sitzungen variieren jedoch abh\u00e4ngig von Ihrem pers\u00f6nlichen Bedarf. Generell umfasst eine <strong>Kurzzeittherapie<\/strong> bis zu 24 Sitzungen und eine <strong>Langzeittherapie<\/strong> bis zu 60 Sitzungen. Die maximale Dauer einer Verhaltenstherapie betr\u00e4gt 80 Sitzungen.<\/p>\n<p>Es besteht die M\u00f6glichkeit wichtige Bezugspersonen, wie z.B. den Partner in einzelne Sitzungen einzuladen.<\/p>\n","protected":false},"excerpt":{"rendered":"<p>Nachdem Sie mit mir Kontakt aufgenommen haben, vereinbaren wir zeitnah einen Termin im Rahmen der psychotherapeutischen Sprechstunde. In diesem k\u00f6nnen Sie mir Ihr Anliegen schildern und genaueres \u00fcber meine Vorgehensweise erfahren. Danach finden bis zu zwei weitere psychotherapeutische Sprechstunden und bis zu vier probatorische Sitzungen statt, die der Diagnostik, der gemeinsamen Festlegung der Therapieziele und [&hellip;]<\/p>\n","protected":false},"author":1,"featured_media":0,"parent":0,"menu_order":0,"comment_status":"closed","ping_status":"closed","template":"","meta":{"footnotes":""},"class_list":["post-53","page","type-page","status-publish","hentry"],"_links":{"self":[{"href":"https:\/\/psychotherapie-kittel.de\/index.php?rest_route=\/wp\/v2\/pages\/53","targetHints":{"allow":["GET"]}}],"collection":[{"href":"https:\/\/psychotherapie-kittel.de\/index.php?rest_route=\/wp\/v2\/pages"}],"about":[{"href":"https:\/\/psychotherapie-kittel.de\/index.php?rest_route=\/wp\/v2\/types\/page"}],"author":[{"embeddable":true,"href":"https:\/\/psychotherapie-kittel.de\/index.php?rest_route=\/wp\/v2\/users\/1"}],"replies":[{"embeddable":true,"href":"https:\/\/psychotherapie-kittel.de\/index.php?rest_route=%2Fwp%2Fv2%2Fcomments&post=53"}],"version-history":[{"count":6,"href":"https:\/\/psychotherapie-kittel.de\/index.php?rest_route=\/wp\/v2\/pages\/53\/revisions"}],"predecessor-version":[{"id":178,"href":"https:\/\/psychotherapie-kittel.de\/index.php?rest_route=\/wp\/v2\/pages\/53\/revisions\/178"}],"wp:attachment":[{"href":"https:\/\/psychotherapie-kittel.de\/index.php?rest_route=%2Fwp%2Fv2%2Fmedia&parent=53"}],"curies":[{"name":"wp","href":"https:\/\/api.w.org\/{rel}","templated":true}]}}