{"id":57,"date":"2015-03-16T16:58:10","date_gmt":"2015-03-16T16:58:10","guid":{"rendered":"http:\/\/www.psychotherapie-osnabrueck.eu\/?page_id=57"},"modified":"2023-04-17T13:53:00","modified_gmt":"2023-04-17T13:53:00","slug":"impressum","status":"publish","type":"page","link":"https:\/\/psychotherapie-kittel.de\/?page_id=57","title":{"rendered":"Impressum &#038; Datenschutz"},"content":{"rendered":"<p><strong>Angaben zur Erf\u00fcllung von gesetzlichen Informationspflichten:<\/strong><br \/>\nDer Gesetzgeber hat den Erbringern von Telemedienleistungen Informationspflichten auferlegt. Zus\u00e4tzlich wurde am 12.3.2010 die Verordnung \u00fcber Informationspflichten f\u00fcr Dienstleistungserbringer erlassen. Hierdurch werden Dienstleistungserbringer zu Informationsangaben verpflichtet, die sich inhaltlich teilweise mit bereits geforderten Informationen nach dem Telemediengesetz \u00fcberschneiden. Nachfolgend sind daher diese Informationen zusammengefasst.<\/p>\n<p>Anbieter gem\u00e4\u00df \u00a75 Telemediengesetz (TMG) und Dienstleistungserbringer im Sinne der Dienstleistungs-Informationspflichten-Verordnung (DLInfoV):<\/p>\n<p>Dipl. Psych. Martina Kittel<br \/>\nRheiner Landstr. 181a<br \/>\n49078 Osnabr\u00fcck<br \/>\nTel.: 0541\/ 34 38 99 27<br \/>\nMail: <a href=\"&#109;a&#105;l&#116;o&#x3a;m&#x61;r&#x74;i&#x6e;a&#x2e;k&#x69;t&#x74;e&#x6c;&#64;&#x70;o&#x73;&#116;&#x65;&#111;&#x2e;&#100;&#x65;\">&#109;&#x61;&#114;&#x74;i&#x6e;a&#46;&#x6b;&#105;&#x74;&#116;&#x65;l&#x40;p&#111;&#x73;&#116;&#x65;o&#x2e;d&#x65;<\/a><\/p>\n<p><strong>Zust\u00e4ndige Aufsichtsbeh\u00f6rde:<\/strong><br \/>\nKassen\u00e4rztliche Vereinigung Niedersachsen<br \/>\nBezirksstelle Osnabr\u00fcck<br \/>\nAn der Blankenburg 64<br \/>\n49078 Osnabr\u00fcck<\/p>\n<p><strong>Zust\u00e4ndige Kammer:<\/strong><br \/>\nPsychotherapeutenkammer Niedersachsen<br \/>\nRoscherstra\u00dfe 12<br \/>\n30161 Hannover<\/p>\n<p><strong>Berufsbezeichnungen:<\/strong><br \/>\nDiplom Psychologin\/Psychologische Psychotherapeutin (verliehen in der Bundesrepublik Deutschland)<\/p>\n<p><strong>Berufsrechtliche Regelungen:<br \/>\n<\/strong>&#8211; Berufsordnung der Psychotherapeutenkammer Niedersachsen<br \/>\n&#8211; Heilberufegesetz des Landes Niedersachsen.<\/p>\n<p>Die Regelungen finden sich im Gesetzblatt des Landes Niedersachsen.<br \/>\nBei Fragen zur Berufsordnung verwenden sie bitte folgenden Link:<br \/>\n<a href=\"https:\/\/www.pknds.de\" target=\"_blank\" rel=\"noopener\">https:\/\/www.pknds.de<\/a> (Psychotherapeutenkammer Niedersachsen)<\/p>\n<p><strong>Haftungsausschluss:<br \/>\n<\/strong>Die Inhalte dieser Website werden mit gr\u00f6\u00dftm\u00f6glicher Sorgf\u00e4ltigkeit \u00fcberpr\u00fcft. Gleichwohl wird keine Haftung f\u00fcr die Vollst\u00e4ndigkeit, Aktualit\u00e4t und Richtigkeit der bereit gestellten Informationen \u00fcbernommen.<\/p>\n<p><strong>Externe Links:<\/strong><br \/>\nTrotz sorgf\u00e4ltiger inhaltlicher Kontrolle \u00fcbernehmen wir keine Haftung f\u00fcr die Inhalte externer Links. F\u00fcr den Inhalt der verlinkten Seiten sind ausschlie\u00dflich deren Betreiber verantwortlich da die wir keinen Einfluss auf die Gestaltung und den Inhalt der verlinkten Seiten haben. Wir distanzieren uns hiermit ausdr\u00fccklich von allen Inhalten aller verlinkten Seiten dieser Homepage. Gem\u00e4\u00df \u00a78 Telemediengesetz sind wir nicht verpflichtet, die \u00fcber Links zug\u00e4nglich gemachten Informationen zu \u00fcberwachen, oder nach Umst\u00e4nden zu forschen, die auf eine rechtswidrige T\u00e4tigkeit hinweisen.<\/p>\n<p><strong>Datenschutzhinweis gem\u00e4\u00df DSGVO:<\/strong><\/p>\n<p class=\"s3-t s3-t0\"><strong>Anbieter und verantwortliche Stelle im Sinne des Datenschutzgesetzes<\/strong><\/p>\n<p class=\"s3-t s3-t0\"><span id=\"s3-t-firma\">Praxis f\u00fcr Psychotherapie Martina Kittel<\/span><br \/>\n<span id=\"s3-t-ansprechpartner\">Dipl. Psych. Martina Kittel<\/span><br \/>\n<span id=\"s3-t-strasse\">Rheiner Landstr. 181a<\/span><br \/>\n<span id=\"s3-t-plz\">49078<\/span> <span id=\"s3-t-ort\">Osnabr\u00fcck<\/span><\/p>\n<p class=\"s3-t s3-t0\"><strong>Geltungsbereich<\/strong><\/p>\n<p class=\"s3-t s3-t0\">Nutzer erhalten mit dieser Datenschutzerkl\u00e4rung Information \u00fcber die Art, den Umfang und Zweck der Erhebung und Verwendung ihrer Daten durch den verantwortlichen Anbieter erhoben und verwendet werden.<\/p>\n<p class=\"s3-t s3-t0\">Den rechtlichen Rahmen f\u00fcr den Datenschutz bilden das Bundesdatenschutzgesetz (BDSG) und das Telemediengesetz (TMG).<\/p>\n<p class=\"s3-t s3-t1\"><strong>Erfassung allgemeiner Informationen<\/strong><\/p>\n<p class=\"s3-t s3-t1\">Mit jedem Zugriff auf dieses Angebot werden durch uns bzw. den Webspace-Provider automatisch Informationen erfasst. Diese Informationen, auch als Server-Logfiles bezeichnet, sind allgemeiner Natur und erlauben keine R\u00fcckschl\u00fcsse auf Ihre Person.<\/p>\n<p class=\"s3-t s3-t1\">Erfasst werden unter anderem: Name der Webseite, Datei, Datum, Datenmenge, Webbrowser und Webbrowser-Version, Betriebssystem, der Domainname Ihres Internet-Providers, die sogenannte Referrer-URL (jene Seite, von der aus Sie auf unser Angebot zugegriffen haben) und die IP-Adresse.<\/p>\n<p class=\"s3-t s3-t1\">Ohne diese Daten w\u00e4re es technisch teils nicht m\u00f6glich, die Inhalte der Webseite auszuliefern und darzustellen. Insofern ist die Erfassung der Daten zwingend notwendig. Dar\u00fcber hinaus verwenden wir die anonymen Informationen f\u00fcr statistische Zwecke. Sie helfen uns bei der Optimierung des Angebots und der Technik. Wir behalten uns zudem das Recht vor, die Log-Files bei Verdacht auf eine rechtswidrige Nutzung unseres Angebotes nachtr\u00e4glich zu kontrollieren.<\/p>\n<p class=\"s3-t s3-t4\"><strong>Erbringung kostenpflichtiger Leistungen<\/strong><\/p>\n<p class=\"s3-t s3-t4\">Damit wir kostenpflichtige Leistungen erbringen k\u00f6nnen, fragen wir zus\u00e4tzliche Daten ab. Das gilt zum Beispiel f\u00fcr die Angaben zur Zahlung.<\/p>\n<p class=\"s3-t s3-t4\">Damit die Sicherheit Ihrer Daten w\u00e4hrend der \u00dcbertragung gew\u00e4hrleistet ist, arbeiten wir mit Verschl\u00fcsselungsverfahren (etwa SSL) \u00fcber HTTPS, die den aktuellen Stand der Technik widerspiegeln.<\/p>\n<p class=\"s3-t s3-t8\"><strong>Kontaktformular<\/strong><\/p>\n<p class=\"s3-t s3-t8\">Wenn Sie uns \u00fcber das Onlineformular oder per E-Mail kontaktieren, speichern wir die von Ihnen gemachten Angaben, um Ihre Anfrage beantworten und m\u00f6gliche Anschlussfragen stellen zu k\u00f6nnen.<\/p>\n<p class=\"s3-t s3-t9\"><strong>Einbindung von Diensten und Inhalten Dritter<\/strong><\/p>\n<p class=\"s3-t s3-t9\">Unser Angebot umfasst mitunter Inhalte, Dienste und Leistungen anderer Anbieter. Das sind zum Beispiel Karten, die von Google-Maps zur Verf\u00fcgung gestellt werden, Videos von YouTube sowie Grafiken und Bilder anderer Webseiten. Damit diese Daten im Browser des Nutzers aufgerufen und dargestellt werden k\u00f6nnen, ist die \u00dcbermittlung der IP-Adresse zwingend notwendig. Die Anbieter (im Folgenden als \u201eDritt-Anbieter\u201c bezeichnet) nehmen also die IP-Adresse des jeweiligen Nutzers wahr.<\/p>\n<p class=\"s3-t s3-t9\">Auch wenn wir bem\u00fcht sind, ausschlie\u00dflich Dritt-Anbieter zu nutzen, welche die IP-Adresse nur ben\u00f6tigen, um Inhalte ausliefern zu k\u00f6nnen, haben wir keinen Einfluss darauf, ob die IP-Adresse m\u00f6glicherweise gespeichert wird. Dieser Vorgang dient in dem Fall unter anderem statistischen Zwecken. Sofern wir Kenntnis davon haben, dass die IP-Adresse gespeichert wird, weisen wir unsere Nutzer darauf hin.<\/p>\n<p class=\"s3-t s3-t10\"><strong>Cookies<\/strong><\/p>\n<p class=\"s3-t s3-t10\">Diese Webseite verwendet sogenannte Cookies. Das sind Textdateien, die vom Server aus auf Ihrem Rechner gespeichert werden. Sie enthalten Informationen zum Browser, zur IP-Adresse, dem Betriebssystem und zur Internetverbindung. Diese Daten werden von uns nicht an Dritte weitergegeben oder ohne ihre Zustimmung mit personenbezogenen Daten verkn\u00fcpft.<\/p>\n<p class=\"s3-t s3-t10\">Cookies erf\u00fcllen vor allem zwei Aufgaben. Sie helfen uns, Ihnen die Navigation durch unser Angebot zu erleichtern, und erm\u00f6glichen die korrekte Darstellung der Webseite. Sie werden nicht dazu genutzt, Viren einzuschleusen oder Programme zu starten.<\/p>\n<p class=\"s3-t s3-t10\">Nutzer haben die M\u00f6glichkeit, unser Angebot auch ohne Cookies aufzurufen. Dazu m\u00fcssen im Browser die entsprechenden Einstellungen ge\u00e4ndert werden. Informieren Sie sich bitte \u00fcber die Hilfsfunktion Ihres Browsers, wie Cookies deaktiviert werden. Wir weisen allerdings darauf hin, dass dadurch einige Funktionen dieser Webseite m\u00f6glicherweise beeintr\u00e4chtigt werden und der Nutzungskomfort eingeschr\u00e4nkt wird. Die Seiten <a href=\"https:\/\/www.aboutads.info\/choices\/\">https:\/\/www.aboutads.info\/choices\/<\/a> (USA) und <a href=\"https:\/\/www.youronlinechoices.com\/uk\/your-ad-choices\/\">https:\/\/www.youronlinechoices.com\/uk\/your-ad-choices\/<\/a> (Europa) erlauben es Ihnen, Online-Anzeigen-Cookies zu verwalten.<\/p>\n<p class=\"s3-t s3-t11\"><strong>Verwendung von Google Analytics<\/strong><\/p>\n<p class=\"s3-t s3-t11\">Diese Webseite benutzt Google Analytics, einen Webanalysedienst der Google Inc. (\u201cGoogle\u201d). Google Analytics verwendet sog. \u201cCookies\u201d, Textdateien, die auf Ihrem Computer gespeichert werden und die eine Analyse der Benutzung der Webseite durch Sie erm\u00f6glichen. Die durch den Cookie erzeugten Informationen \u00fcber Ihre Benutzung dieser Webseite werden in der Regel an einen Server von Google in den USA \u00fcbertragen und dort gespeichert. Aufgrund der Aktivierung der IP-Anonymisierung auf diesen Webseiten, wird Ihre IP-Adresse von Google jedoch innerhalb von Mitgliedstaaten der Europ\u00e4ischen Union oder in anderen Vertragsstaaten des Abkommens \u00fcber den Europ\u00e4ischen Wirtschaftsraum zuvor gek\u00fcrzt. Nur in Ausnahmef\u00e4llen wird die volle IP-Adresse an einen Server von Google in den USA \u00fcbertragen und dort gek\u00fcrzt.<\/p>\n<p class=\"s3-t s3-t11\">Im Auftrag des Betreibers dieser Webseite wird Google diese Informationen benutzen, um Ihre Nutzung der Webseite auszuwerten, um Reports \u00fcber die Webseitenaktivit\u00e4ten zusammenzustellen und um weitere mit der Webseitennutzung und der Internetnutzung verbundene Dienstleistungen gegen\u00fcber dem Webseitenbetreiber zu erbringen. Die im Rahmen von Google Analytics von Ihrem Browser \u00fcbermittelte IP-Adresse wird nicht mit anderen Daten von Google zusammengef\u00fchrt. Sie k\u00f6nnen die Speicherung der Cookies durch eine entsprechende Einstellung Ihrer Browser-Software verhindern. Wir weisen Sie jedoch darauf hin, dass Sie in diesem Fall gegebenenfalls nicht s\u00e4mtliche Funktionen dieser Webseite vollumf\u00e4nglich werden nutzen k\u00f6nnen.<\/p>\n<p class=\"s3-t s3-t11\">Sie k\u00f6nnen dar\u00fcber hinaus die Erfassung der durch das Cookie erzeugten und auf Ihre Nutzung der Webseite bezogenen Daten (inkl. Ihrer IP-Adresse) an Google sowie die Verarbeitung dieser Daten durch Google verhindern, indem sie das unter dem folgenden Link verf\u00fcgbare Browser-Plugin herunterladen und installieren: <a href=\"https:\/\/tools.google.com\/dlpage\/gaoptout?hl=de\">Browser Add On zur Deaktivierung von Google Analytics<\/a>.<\/p>\n<p class=\"s3-t s3-t11\">N\u00e4here Informationen zu Nutzungsbedingungen und Datenschutz finden Sie unter <a href=\"https:\/\/www.google.com\/analytics\/terms\/de.html\">https:\/\/www.google.com\/analytics\/terms\/de.html<\/a> bzw. unter <a href=\"https:\/\/www.google.de\/intl\/de\/policies\/\">https:\/\/www.google.de\/intl\/de\/policies\/<\/a>.<\/p>\n<p class=\"s3-t s3-t22\"><strong>Datensparsamkeit<\/strong><\/p>\n<p class=\"s3-t s3-t22\">Personenbezogene Daten speichern wir gem\u00e4\u00df den Grunds\u00e4tzen der Datenvermeidung und Datensparsamkeit nur so lange, wie es erforderlich ist oder vom Gesetzgeber her vorgeschrieben wird (gesetzliche Speicherfrist). Entf\u00e4llt der Zweck der erhobenen Informationen oder endet die Speicherfrist, sperren oder l\u00f6schen wir die Daten.<\/p>\n<p class=\"s3-t s3-t0\"><strong>Ihre Rechte auf Auskunft, Berichtigung, Sperre, L\u00f6schung und Widerspruch<\/strong><\/p>\n<p class=\"s3-t s3-t0\">Sie haben das Recht, auf Antrag unentgeltlich eine Auskunft, \u00fcber die bei uns gespeicherten personenbezogenen Daten, anzufordern und\/oder eine Berichtigung, Sperrung oder L\u00f6schung zu verlangen. Ausnahmen: Es handelt sich um die vorgeschriebene Datenspeicherung zur Gesch\u00e4ftsabwicklung oder die Daten unterliegen der gesetzlichen Aufbewahrungspflicht.<\/p>\n<p class=\"s3-t s3-t0\">F\u00fcr diese Zwecke kontaktieren Sie uns bitte.<\/p>\n<p class=\"s3-t s3-t0\">Um eine Datensperre jederzeit ber\u00fccksichtigen zu k\u00f6nnen, ist es erforderlich, die Daten f\u00fcr Kontrollzwecke in einer Sperrdatei vorzuhalten. Besteht keine gesetzliche Archivierungspflicht, k\u00f6nnen Sie auch die L\u00f6schung der Daten verlangen. Anderenfalls sperren wir die Daten, sofern Sie dies w\u00fcnschen.<\/p>\n<p class=\"s3-t s3-t0\"><strong>\u00c4nderung unserer Datenschutzerkl\u00e4rung<\/strong><\/p>\n<p class=\"s3-t s3-t0\">Um zu gew\u00e4hrleisten, dass unsere Datenschutzerkl\u00e4rung stets den aktuellen gesetzlichen Vorgaben entspricht, behalten wir uns jederzeit \u00c4nderungen vor. Das gilt auch f\u00fcr den Fall, dass die Datenschutzerkl\u00e4rung aufgrund neuer oder \u00fcberarbeiteter Leistungen, zum Beispiel neuer Serviceleistungen, angepasst werden muss. Die neue Datenschutzerkl\u00e4rung greift dann bei Ihrem n\u00e4chsten Besuch auf unserem Angebot.<\/p>\n<p class=\"s3-t s3-t0\">\u00a0<small>Quelle: Datenschutz-Konfigurator von <a href=\"https:\/\/www.mein-datenschutzbeauftragter.de\" target=\"_blank\" rel=\"noopener\">mein-datenschutzbeauftragter.de<\/a><\/small><\/p>\n","protected":false},"excerpt":{"rendered":"<p>Angaben zur Erf\u00fcllung von gesetzlichen Informationspflichten: Der Gesetzgeber hat den Erbringern von Telemedienleistungen Informationspflichten auferlegt. Zus\u00e4tzlich wurde am 12.3.2010 die Verordnung \u00fcber Informationspflichten f\u00fcr Dienstleistungserbringer erlassen. Hierdurch werden Dienstleistungserbringer zu Informationsangaben verpflichtet, die sich inhaltlich teilweise mit bereits geforderten Informationen nach dem Telemediengesetz \u00fcberschneiden. Nachfolgend sind daher diese Informationen zusammengefasst. Anbieter gem\u00e4\u00df \u00a75 Telemediengesetz (TMG) [&hellip;]<\/p>\n","protected":false},"author":1,"featured_media":0,"parent":0,"menu_order":0,"comment_status":"closed","ping_status":"closed","template":"","meta":{"footnotes":""},"class_list":["post-57","page","type-page","status-publish","hentry"],"_links":{"self":[{"href":"https:\/\/psychotherapie-kittel.de\/index.php?rest_route=\/wp\/v2\/pages\/57","targetHints":{"allow":["GET"]}}],"collection":[{"href":"https:\/\/psychotherapie-kittel.de\/index.php?rest_route=\/wp\/v2\/pages"}],"about":[{"href":"https:\/\/psychotherapie-kittel.de\/index.php?rest_route=\/wp\/v2\/types\/page"}],"author":[{"embeddable":true,"href":"https:\/\/psychotherapie-kittel.de\/index.php?rest_route=\/wp\/v2\/users\/1"}],"replies":[{"embeddable":true,"href":"https:\/\/psychotherapie-kittel.de\/index.php?rest_route=%2Fwp%2Fv2%2Fcomments&post=57"}],"version-history":[{"count":8,"href":"https:\/\/psychotherapie-kittel.de\/index.php?rest_route=\/wp\/v2\/pages\/57\/revisions"}],"predecessor-version":[{"id":166,"href":"https:\/\/psychotherapie-kittel.de\/index.php?rest_route=\/wp\/v2\/pages\/57\/revisions\/166"}],"wp:attachment":[{"href":"https:\/\/psychotherapie-kittel.de\/index.php?rest_route=%2Fwp%2Fv2%2Fmedia&parent=57"}],"curies":[{"name":"wp","href":"https:\/\/api.w.org\/{rel}","templated":true}]}}